{"id":1874,"date":"2024-01-30T15:00:15","date_gmt":"2024-01-30T15:00:15","guid":{"rendered":"https:\/\/www.stcfood.com\/import-export-services\/fish-seafood-distribution\/"},"modified":"2024-04-10T19:59:20","modified_gmt":"2024-04-10T19:59:20","slug":"distribucion-de-pescados-y-mariscos","status":"publish","type":"page","link":"https:\/\/www.stcfood.com\/es\/servicios-de-importacion-y-exportacion\/distribucion-de-pescados-y-mariscos\/","title":{"rendered":"Distribuci\u00f3n de Importaci\u00f3n\/Exportaci\u00f3n de Pescados y Mariscos | STC Food"},"content":{"rendered":"<div class=\"wpb-content-wrapper\"><p>[vc_row bg_type=\u00bbimage\u00bb parallax_style=\u00bbvcpb-default\u00bb bg_image_new=\u00bbid^1675|url^https:\/\/www.stcfood.com\/wp-content\/uploads\/2024\/02\/gryffyn-m-O8pEyjTnI7U-unsplash-scaled.jpg|caption^null|alt^null|title^gryffyn-m-O8pEyjTnI7U-unsplash|description^null\u00bb bg_override=\u00bbfull\u00bb enable_overlay=\u00bbenable_overlay_value\u00bb overlay_color=\u00bbrgba(30,30,30,0.9)\u00bb][vc_column css=\u00bb.vc_custom_1707324892955{margin-bottom: 30px !important;padding-top: 30px !important;padding-bottom: 30px !important;}\u00bb][vc_row_inner][vc_column_inner width=\u00bb1\/2&#8243;][vc_single_image image=\u00bb1720&#8243; img_size=\u00bblarge\u00bb][\/vc_column_inner][vc_column_inner width=\u00bb1\/2&#8243;]<div id=\"ultimate-heading-76569fc591d7419d\" class=\"uvc-heading ult-adjust-bottom-margin ultimate-heading-76569fc591d7419d uvc-2534  uvc-heading-default-font-sizes\" data-hspacer=\"line_only\"  data-halign=\"left\" style=\"text-align:left\"><div class=\"uvc-heading-spacer line_only\" style=\"topheight:1px;\"><span class=\"uvc-headings-line\" style=\"border-style:solid;border-bottom-width:1px;border-color:#ac1509;width:150px;\"><\/span><\/div><div class=\"uvc-main-heading ult-responsive\"  data-ultimate-target='.uvc-heading.ultimate-heading-76569fc591d7419d h2'  data-responsive-json-new='{\"font-size\":\"\",\"line-height\":\"\"}' ><h2 style=\"--font-weight:theme;margin-top:10px;margin-bottom:20px;\">Servicios Superiores de Distribuci\u00f3n de Pescados y Mariscos<\/h2><\/div><\/div>[vc_column_text css=\u00bb.vc_custom_1712759997889{padding-bottom: 20px !important;}\u00bb]En STC Food, nuestra pasi\u00f3n por los pescados y mariscos es incomparable en la industria. Nos especializamos en la importaci\u00f3n, exportaci\u00f3n y distribuci\u00f3n de pescados de alta calidad, ofreciendo una amplia gama de opciones frescas y congeladas para satisfacer las diversas necesidades de nuestros clientes.[\/vc_column_text]<div id=\"ultimate-heading-813169fc591d74208\" class=\"uvc-heading ult-adjust-bottom-margin ultimate-heading-813169fc591d74208 uvc-8420  uvc-heading-default-font-sizes\" data-hspacer=\"no_spacer\"  data-halign=\"left\" style=\"text-align:left\"><div class=\"uvc-heading-spacer no_spacer\" style=\"top\"><\/div><div class=\"uvc-main-heading ult-responsive\"  data-ultimate-target='.uvc-heading.ultimate-heading-813169fc591d74208 h3'  data-responsive-json-new='{\"font-size\":\"\",\"line-height\":\"\"}' ><h3 style=\"--font-weight:theme;margin-bottom:10px;\">Excelencia Global en el Suministro de Pescado<\/h3><\/div><div class=\"uvc-sub-heading ult-responsive\"  data-ultimate-target='.uvc-heading.ultimate-heading-813169fc591d74208 .uvc-sub-heading '  data-responsive-json-new='{\"font-size\":\"\",\"line-height\":\"\"}'  style=\"font-weight:normal;margin-bottom:20px;\">Nuestra extensa red global nos posiciona como un distribuidor puerta a puerta en el mercado de pescados. Estamos comprometidos a obtener los mejores pescados de stocks sostenibles y entregarlos a nuestros clientes con el cuidado y la eficiencia que merecen. STC Food es su socio de confianza para un suministro de pescado fiable y consistente.<\/div><\/div><div id=\"ultimate-heading-212969fc591d7424f\" class=\"uvc-heading ult-adjust-bottom-margin ultimate-heading-212969fc591d7424f uvc-2705  uvc-heading-default-font-sizes\" data-hspacer=\"no_spacer\"  data-halign=\"left\" style=\"text-align:left\"><div class=\"uvc-heading-spacer no_spacer\" style=\"top\"><\/div><div class=\"uvc-main-heading ult-responsive\"  data-ultimate-target='.uvc-heading.ultimate-heading-212969fc591d7424f h3'  data-responsive-json-new='{\"font-size\":\"\",\"line-height\":\"\"}' ><h3 style=\"--font-weight:theme;margin-bottom:10px;\">Selecciones Premium de Pescados<\/h3><\/div><div class=\"uvc-sub-heading ult-responsive\"  data-ultimate-target='.uvc-heading.ultimate-heading-212969fc591d7424f .uvc-sub-heading '  data-responsive-json-new='{\"font-size\":\"\",\"line-height\":\"\"}'  style=\"font-weight:normal;margin-bottom:20px;\">Desde los ricos sabores del pescado capturado en su h\u00e1bitat natural hasta el pescado de cultivo, nuestra selecci\u00f3n est\u00e1 curada para ofrecer lo mejor que el oc\u00e9ano tiene para dar. Nos enorgullecemos de proveer una gama de pescados que cumple con los altos est\u00e1ndares de chefs, minoristas y consumidores por igual.<\/div><\/div><div id=\"ultimate-heading-673769fc591d74288\" class=\"uvc-heading ult-adjust-bottom-margin ultimate-heading-673769fc591d74288 uvc-3089  uvc-heading-default-font-sizes\" data-hspacer=\"no_spacer\"  data-halign=\"left\" style=\"text-align:left\"><div class=\"uvc-heading-spacer no_spacer\" style=\"top\"><\/div><div class=\"uvc-main-heading ult-responsive\"  data-ultimate-target='.uvc-heading.ultimate-heading-673769fc591d74288 h3'  data-responsive-json-new='{\"font-size\":\"\",\"line-height\":\"\"}' ><h3 style=\"--font-weight:theme;margin-bottom:10px;\">Diversidad de Mariscos y Pescados para Toda Ocasi\u00f3n<\/h3><\/div><div class=\"uvc-sub-heading ult-responsive\"  data-ultimate-target='.uvc-heading.ultimate-heading-673769fc591d74288 .uvc-sub-heading '  data-responsive-json-new='{\"font-size\":\"\",\"line-height\":\"\"}'  style=\"font-weight:normal;margin-bottom:20px;\">El inventario de STC Food incluye una diversa selecci\u00f3n de mariscos, asegurando que podemos atender cualquier demanda culinaria. Ya sea para un men\u00fa sofisticado de restaurante o un servicio de preparaci\u00f3n de comidas consciente de la salud, nuestras variedades de mariscos y pescados son escogidas por su frescura, sabor y calidad<\/div><\/div>[\/vc_column_inner][\/vc_row_inner][vc_row_inner css=\u00bb.vc_custom_1707940037820{padding-top: 40px !important;padding-bottom: 40px !important;}\u00bb][vc_column_inner]<div class=\"ult-content-box-container \" >\t\t<div class=\"ult-content-box\" style=\"background-color:rgba(172,21,9,0.6);box-shadow: px px px px none;padding:40px;-webkit-transition: all 700ms ease;-moz-transition: all 700ms ease;-ms-transition: all 700ms ease;-o-transition: all 700ms ease;transition: all 700ms ease;\"  data-hover_box_shadow=\"none\"     data-bg=\"rgba(172,21,9,0.6)\" ><div id=\"ultimate-heading-320769fc591d7434b\" class=\"uvc-heading ult-adjust-bottom-margin ultimate-heading-320769fc591d7434b uvc-1731  uvc-heading-default-font-sizes\" data-hspacer=\"line_only\"  data-halign=\"left\" style=\"text-align:left\"><div class=\"uvc-heading-spacer line_only\" style=\"topheight:1px;\"><span class=\"uvc-headings-line\" style=\"border-style:solid;border-bottom-width:1px;border-color:#ffffff;width:150px;\"><\/span><\/div><div class=\"uvc-main-heading ult-responsive\"  data-ultimate-target='.uvc-heading.ultimate-heading-320769fc591d7434b h2'  data-responsive-json-new='{\"font-size\":\"\",\"line-height\":\"\"}' ><h2 style=\"--font-weight:theme;margin-top:10px;margin-bottom:15px;\">Distribuci\u00f3n Experta de Pescados y Mariscos con Servicio Personalizado<\/h2><\/div><div class=\"uvc-sub-heading ult-responsive\"  data-ultimate-target='.uvc-heading.ultimate-heading-320769fc591d7434b .uvc-sub-heading '  data-responsive-json-new='{\"font-size\":\"\",\"line-height\":\"\"}'  style=\"font-weight:normal;\"><span style=\"font-weight: 400;\">STC Food se destaca en el sector de distribuci\u00f3n de pescados, comprometidos a ofrecer m\u00e1s que solo productos; entregamos una experiencia de servicio completa personalizada para satisfacer las demandas espec\u00edficas de cada cliente. Nuestro servicio de entrega al por mayor puerta a puerta ejemplifica nuestra b\u00fasqueda de la excelencia, asegurando que los mejores pescados y mariscos sean transportados a su negocio r\u00e1pidamente y en \u00f3ptimas condiciones.<\/span><\/div><\/div>\t\t<\/div><\/div>[\/vc_column_inner][\/vc_row_inner][\/vc_column][\/vc_row][vc_row bg_type=\u00bbbg_color\u00bb bg_override=\u00bbfull\u00bb css=\u00bb.vc_custom_1707323338487{margin-top: 0px !important;margin-bottom: 0px !important;padding-top: 40px !important;padding-bottom: 40px !important;}\u00bb bg_color_value=\u00bb#2c2c2c\u00bb][vc_column css=\u00bb.vc_custom_1707323399685{margin-bottom: 0px !important;}\u00bb el_class=\u00bbconnect-with-experts\u00bb]<div id=\"ultimate-heading-954169fc591d74392\" class=\"uvc-heading ult-adjust-bottom-margin ultimate-heading-954169fc591d74392 uvc-1441  uvc-heading-default-font-sizes\" data-hspacer=\"line_only\"  data-halign=\"left\" style=\"text-align:left\"><div class=\"uvc-heading-spacer line_only\" style=\"topheight:1px;\"><span class=\"uvc-headings-line\" style=\"border-style:solid;border-bottom-width:1px;border-color:#ac1509;width:150px;\"><\/span><\/div><div class=\"uvc-main-heading ult-responsive\"  data-ultimate-target='.uvc-heading.ultimate-heading-954169fc591d74392 h2'  data-responsive-json-new='{\"font-size\":\"\",\"line-height\":\"\"}' ><h2 style=\"--font-weight:theme;color:#ffffff;margin-top:10px;margin-bottom:15px;\">Con\u00e9ctese con Autoridades en Importaci\u00f3n y Exportaci\u00f3n de Pescados y Mariscos<\/h2><\/div><div class=\"uvc-sub-heading ult-responsive\"  data-ultimate-target='.uvc-heading.ultimate-heading-954169fc591d74392 .uvc-sub-heading '  data-responsive-json-new='{\"font-size\":\"\",\"line-height\":\"\"}'  style=\"font-weight:normal;color:#ffffff;\">STC Food le invita a experimentar la diferencia que nuestras selecciones premium de pescados pueden hacer para su empresa. Nuestro equipo experto est\u00e1 listo para guiarlo a trav\u00e9s de las complejidades del mercado de pescados y apoyar sus objetivos comerciales. Cont\u00e1ctenos para entablar una asociaci\u00f3n que asegure un suministro consistente de pescados excepcionales, complementado por nuestro confiable servicio de entrega puerta a puerta.<\/div><\/div><style type=\"text\/css\" data-type=\"the7_shortcodes-inline-css\">#default-btn-de9a60b81c311af8d98abaa1d4672ad5.ico-right-side > i {\n  margin-right: 0px;\n  margin-left: 8px;\n}\n#default-btn-de9a60b81c311af8d98abaa1d4672ad5 > i {\n  margin-right: 8px;\n}<\/style><a href=\"https:\/\/www.stcfood.com\/es\/contactanos\/\" class=\"default-btn-shortcode dt-btn dt-btn-l link-hover-off btn-inline-left  vc_custom_1712779131563\" id=\"default-btn-de9a60b81c311af8d98abaa1d4672ad5\" title=\"Contactanos\"><span>Cont\u00e1ctenos<\/span><\/a>[\/vc_column][\/vc_row]<\/p>\n<\/div>","protected":false},"excerpt":{"rendered":"<p>[vc_row bg_type=\u00bbimage\u00bb parallax_style=\u00bbvcpb-default\u00bb bg_image_new=\u00bbid^1675|url^https:\/\/www.stcfood.com\/wp-content\/uploads\/2024\/02\/gryffyn-m-O8pEyjTnI7U-unsplash-scaled.jpg|caption^null|alt^null|title^gryffyn-m-O8pEyjTnI7U-unsplash|description^null\u00bb bg_override=\u00bbfull\u00bb enable_overlay=\u00bbenable_overlay_value\u00bb overlay_color=\u00bbrgba(30,30,30,0.9)\u00bb][vc_column css=\u00bb.vc_custom_1707324892955{margin-bottom: 30px !important;padding-top: 30px !important;padding-bottom: 30px !important;}\u00bb][vc_row_inner][vc_column_inner width=\u00bb1\/2&#8243;][vc_single_image image=\u00bb1720&#8243; img_size=\u00bblarge\u00bb][\/vc_column_inner][vc_column_inner width=\u00bb1\/2&#8243;][vc_column_text css=\u00bb.vc_custom_1712759997889{padding-bottom: 20px !important;}\u00bb]En STC Food, nuestra pasi\u00f3n por los pescados y mariscos es incomparable en la industria. Nos especializamos en la importaci\u00f3n, exportaci\u00f3n y distribuci\u00f3n de pescados de alta calidad, ofreciendo una amplia gama de opciones frescas&hellip;<\/p>\n","protected":false},"author":4,"featured_media":0,"parent":1866,"menu_order":0,"comment_status":"closed","ping_status":"closed","template":"","meta":{"inline_featured_image":false,"footnotes":""},"class_list":["post-1874","page","type-page","status-publish","hentry","description-off"],"yoast_head":"<!-- This site is optimized with the Yoast SEO plugin v27.1.1 - https:\/\/yoast.com\/product\/yoast-seo-wordpress\/ -->\n<title>Distribuci\u00f3n de Importaci\u00f3n\/Exportaci\u00f3n de Pescados y Mariscos | STC Food - STC food<\/title>\n<meta name=\"description\" content=\"Distribuci\u00f3n de Importaci\u00f3n\/Exportaci\u00f3n de Pescados y Mariscos | STC Food - STC food - En STC Food, nuestra pasi\u00f3n por los pescados y mariscos es incomparable en la industria. Nos especializamos en la importaci\u00f3n, exportaci\u00f3n y distribuci\u00f3n\" \/>\n<meta name=\"robots\" content=\"index, follow, max-snippet:-1, max-image-preview:large, max-video-preview:-1\" \/>\n<link rel=\"canonical\" href=\"https:\/\/www.stcfood.com\/es\/servicios-de-importacion-y-exportacion\/distribucion-de-pescados-y-mariscos\/\" \/>\n<meta property=\"og:locale\" content=\"es_ES\" \/>\n<meta property=\"og:type\" content=\"article\" \/>\n<meta property=\"og:title\" content=\"Distribuci\u00f3n de Importaci\u00f3n\/Exportaci\u00f3n de Pescados y Mariscos | STC Food - STC food\" \/>\n<meta property=\"og:description\" content=\"Distribuci\u00f3n de Importaci\u00f3n\/Exportaci\u00f3n de Pescados y Mariscos | STC Food - STC food - En STC Food, nuestra pasi\u00f3n por los pescados y mariscos es incomparable en la industria. Nos especializamos en la importaci\u00f3n, exportaci\u00f3n y distribuci\u00f3n\" \/>\n<meta property=\"og:url\" content=\"https:\/\/www.stcfood.com\/es\/servicios-de-importacion-y-exportacion\/distribucion-de-pescados-y-mariscos\/\" \/>\n<meta property=\"og:site_name\" content=\"STC food\" \/>\n<meta property=\"article:modified_time\" content=\"2024-04-10T19:59:20+00:00\" \/>\n<meta name=\"twitter:card\" content=\"summary_large_image\" \/>\n<meta name=\"twitter:label1\" content=\"Tiempo de lectura\" \/>\n\t<meta name=\"twitter:data1\" content=\"3 minutos\" \/>\n<script type=\"application\/ld+json\" class=\"yoast-schema-graph\">{\"@context\":\"https:\/\/schema.org\",\"@graph\":[{\"@type\":\"WebPage\",\"@id\":\"https:\/\/www.stcfood.com\/es\/servicios-de-importacion-y-exportacion\/distribucion-de-pescados-y-mariscos\/\",\"url\":\"https:\/\/www.stcfood.com\/es\/servicios-de-importacion-y-exportacion\/distribucion-de-pescados-y-mariscos\/\",\"name\":\"Distribuci\u00f3n de Importaci\u00f3n\/Exportaci\u00f3n de Pescados y Mariscos | STC Food - STC food\",\"isPartOf\":{\"@id\":\"https:\/\/www.hartleycoldservices.com\/#website\"},\"datePublished\":\"2024-01-30T15:00:15+00:00\",\"dateModified\":\"2024-04-10T19:59:20+00:00\",\"description\":\"Distribuci\u00f3n de Importaci\u00f3n\/Exportaci\u00f3n de Pescados y Mariscos | STC Food - STC food - En STC Food, nuestra pasi\u00f3n por los pescados y mariscos es incomparable en la industria. Nos especializamos en la importaci\u00f3n, exportaci\u00f3n y distribuci\u00f3n\",\"breadcrumb\":{\"@id\":\"https:\/\/www.stcfood.com\/es\/servicios-de-importacion-y-exportacion\/distribucion-de-pescados-y-mariscos\/#breadcrumb\"},\"inLanguage\":\"es\",\"potentialAction\":[{\"@type\":\"ReadAction\",\"target\":[\"https:\/\/www.stcfood.com\/es\/servicios-de-importacion-y-exportacion\/distribucion-de-pescados-y-mariscos\/\"]}]},{\"@type\":\"BreadcrumbList\",\"@id\":\"https:\/\/www.stcfood.com\/es\/servicios-de-importacion-y-exportacion\/distribucion-de-pescados-y-mariscos\/#breadcrumb\",\"itemListElement\":[{\"@type\":\"ListItem\",\"position\":1,\"name\":\"Home\",\"item\":\"https:\/\/www.stcfood.com\/es\/\"},{\"@type\":\"ListItem\",\"position\":2,\"name\":\"Global Trade Divisions\",\"item\":\"https:\/\/stc.hartleycoldservices.com\/es\/servicios-de-importacion-y-exportacion\/\"},{\"@type\":\"ListItem\",\"position\":3,\"name\":\"Fish and Seafood\"}]},{\"@type\":\"WebSite\",\"@id\":\"https:\/\/www.hartleycoldservices.com\/#website\",\"url\":\"https:\/\/www.hartleycoldservices.com\/\",\"name\":\"STC food\",\"description\":\"\",\"publisher\":{\"@id\":\"https:\/\/www.hartleycoldservices.com\/#organization\"},\"potentialAction\":[{\"@type\":\"SearchAction\",\"target\":{\"@type\":\"EntryPoint\",\"urlTemplate\":\"https:\/\/www.hartleycoldservices.com\/?s={search_term_string}\"},\"query-input\":{\"@type\":\"PropertyValueSpecification\",\"valueRequired\":true,\"valueName\":\"search_term_string\"}}],\"inLanguage\":\"es\"},{\"@type\":\"Organization\",\"@id\":\"https:\/\/www.hartleycoldservices.com\/#organization\",\"name\":\"Hartley Cold Services\",\"url\":\"https:\/\/www.hartleycoldservices.com\/\",\"logo\":{\"@type\":\"ImageObject\",\"inLanguage\":\"es\",\"@id\":\"https:\/\/www.hartleycoldservices.com\/#\/schema\/logo\/image\/\",\"url\":\"https:\/\/www.stcfood.com\/wp-content\/uploads\/2023\/05\/HCS-logo-1-e1685557061356.png\",\"contentUrl\":\"https:\/\/www.stcfood.com\/wp-content\/uploads\/2023\/05\/HCS-logo-1-e1685557061356.png\",\"width\":400,\"height\":171,\"caption\":\"Hartley Cold Services\"},\"image\":{\"@id\":\"https:\/\/www.hartleycoldservices.com\/#\/schema\/logo\/image\/\"}}]}<\/script>\n<!-- \/ Yoast SEO plugin. -->","yoast_head_json":{"title":"Distribuci\u00f3n de Importaci\u00f3n\/Exportaci\u00f3n de Pescados y Mariscos | STC Food - STC food","description":"Distribuci\u00f3n de Importaci\u00f3n\/Exportaci\u00f3n de Pescados y Mariscos | STC Food - STC food - En STC Food, nuestra pasi\u00f3n por los pescados y mariscos es incomparable en la industria. Nos especializamos en la importaci\u00f3n, exportaci\u00f3n y distribuci\u00f3n","robots":{"index":"index","follow":"follow","max-snippet":"max-snippet:-1","max-image-preview":"max-image-preview:large","max-video-preview":"max-video-preview:-1"},"canonical":"https:\/\/www.stcfood.com\/es\/servicios-de-importacion-y-exportacion\/distribucion-de-pescados-y-mariscos\/","og_locale":"es_ES","og_type":"article","og_title":"Distribuci\u00f3n de Importaci\u00f3n\/Exportaci\u00f3n de Pescados y Mariscos | STC Food - STC food","og_description":"Distribuci\u00f3n de Importaci\u00f3n\/Exportaci\u00f3n de Pescados y Mariscos | STC Food - STC food - En STC Food, nuestra pasi\u00f3n por los pescados y mariscos es incomparable en la industria. Nos especializamos en la importaci\u00f3n, exportaci\u00f3n y distribuci\u00f3n","og_url":"https:\/\/www.stcfood.com\/es\/servicios-de-importacion-y-exportacion\/distribucion-de-pescados-y-mariscos\/","og_site_name":"STC food","article_modified_time":"2024-04-10T19:59:20+00:00","twitter_card":"summary_large_image","twitter_misc":{"Tiempo de lectura":"3 minutos"},"schema":{"@context":"https:\/\/schema.org","@graph":[{"@type":"WebPage","@id":"https:\/\/www.stcfood.com\/es\/servicios-de-importacion-y-exportacion\/distribucion-de-pescados-y-mariscos\/","url":"https:\/\/www.stcfood.com\/es\/servicios-de-importacion-y-exportacion\/distribucion-de-pescados-y-mariscos\/","name":"Distribuci\u00f3n de Importaci\u00f3n\/Exportaci\u00f3n de Pescados y Mariscos | STC Food - STC food","isPartOf":{"@id":"https:\/\/www.hartleycoldservices.com\/#website"},"datePublished":"2024-01-30T15:00:15+00:00","dateModified":"2024-04-10T19:59:20+00:00","description":"Distribuci\u00f3n de Importaci\u00f3n\/Exportaci\u00f3n de Pescados y Mariscos | STC Food - STC food - En STC Food, nuestra pasi\u00f3n por los pescados y mariscos es incomparable en la industria. Nos especializamos en la importaci\u00f3n, exportaci\u00f3n y distribuci\u00f3n","breadcrumb":{"@id":"https:\/\/www.stcfood.com\/es\/servicios-de-importacion-y-exportacion\/distribucion-de-pescados-y-mariscos\/#breadcrumb"},"inLanguage":"es","potentialAction":[{"@type":"ReadAction","target":["https:\/\/www.stcfood.com\/es\/servicios-de-importacion-y-exportacion\/distribucion-de-pescados-y-mariscos\/"]}]},{"@type":"BreadcrumbList","@id":"https:\/\/www.stcfood.com\/es\/servicios-de-importacion-y-exportacion\/distribucion-de-pescados-y-mariscos\/#breadcrumb","itemListElement":[{"@type":"ListItem","position":1,"name":"Home","item":"https:\/\/www.stcfood.com\/es\/"},{"@type":"ListItem","position":2,"name":"Global Trade Divisions","item":"https:\/\/stc.hartleycoldservices.com\/es\/servicios-de-importacion-y-exportacion\/"},{"@type":"ListItem","position":3,"name":"Fish and Seafood"}]},{"@type":"WebSite","@id":"https:\/\/www.hartleycoldservices.com\/#website","url":"https:\/\/www.hartleycoldservices.com\/","name":"STC food","description":"","publisher":{"@id":"https:\/\/www.hartleycoldservices.com\/#organization"},"potentialAction":[{"@type":"SearchAction","target":{"@type":"EntryPoint","urlTemplate":"https:\/\/www.hartleycoldservices.com\/?s={search_term_string}"},"query-input":{"@type":"PropertyValueSpecification","valueRequired":true,"valueName":"search_term_string"}}],"inLanguage":"es"},{"@type":"Organization","@id":"https:\/\/www.hartleycoldservices.com\/#organization","name":"Hartley Cold Services","url":"https:\/\/www.hartleycoldservices.com\/","logo":{"@type":"ImageObject","inLanguage":"es","@id":"https:\/\/www.hartleycoldservices.com\/#\/schema\/logo\/image\/","url":"https:\/\/www.stcfood.com\/wp-content\/uploads\/2023\/05\/HCS-logo-1-e1685557061356.png","contentUrl":"https:\/\/www.stcfood.com\/wp-content\/uploads\/2023\/05\/HCS-logo-1-e1685557061356.png","width":400,"height":171,"caption":"Hartley Cold Services"},"image":{"@id":"https:\/\/www.hartleycoldservices.com\/#\/schema\/logo\/image\/"}}]}},"_links":{"self":[{"href":"https:\/\/www.stcfood.com\/es\/wp-json\/wp\/v2\/pages\/1874","targetHints":{"allow":["GET"]}}],"collection":[{"href":"https:\/\/www.stcfood.com\/es\/wp-json\/wp\/v2\/pages"}],"about":[{"href":"https:\/\/www.stcfood.com\/es\/wp-json\/wp\/v2\/types\/page"}],"author":[{"embeddable":true,"href":"https:\/\/www.stcfood.com\/es\/wp-json\/wp\/v2\/users\/4"}],"replies":[{"embeddable":true,"href":"https:\/\/www.stcfood.com\/es\/wp-json\/wp\/v2\/comments?post=1874"}],"version-history":[{"count":0,"href":"https:\/\/www.stcfood.com\/es\/wp-json\/wp\/v2\/pages\/1874\/revisions"}],"up":[{"embeddable":true,"href":"https:\/\/www.stcfood.com\/es\/wp-json\/wp\/v2\/pages\/1866"}],"wp:attachment":[{"href":"https:\/\/www.stcfood.com\/es\/wp-json\/wp\/v2\/media?parent=1874"}],"curies":[{"name":"wp","href":"https:\/\/api.w.org\/{rel}","templated":true}]}}