{"id":1872,"date":"2024-01-30T14:53:46","date_gmt":"2024-01-30T14:53:46","guid":{"rendered":"https:\/\/www.stcfood.com\/chicken-distribution\/"},"modified":"2024-04-10T19:56:04","modified_gmt":"2024-04-10T19:56:04","slug":"distribucion-importacion-exportacion-pollos","status":"publish","type":"page","link":"https:\/\/www.stcfood.com\/es\/distribucion-importacion-exportacion-pollos\/","title":{"rendered":"Autoridad de distribuci\u00f3n de importaci\u00f3n y exportaci\u00f3n de pollos | STC Food"},"content":{"rendered":"<div class=\"wpb-content-wrapper\"><p>[vc_row bg_type=\u00bbimage\u00bb parallax_style=\u00bbvcpb-default\u00bb bg_image_new=\u00bbid^1675|url^https:\/\/www.stcfood.com\/wp-content\/uploads\/2024\/02\/gryffyn-m-O8pEyjTnI7U-unsplash-scaled.jpg|caption^null|alt^null|title^gryffyn-m-O8pEyjTnI7U-unsplash|description^null\u00bb bg_override=\u00bbfull\u00bb enable_overlay=\u00bbenable_overlay_value\u00bb overlay_color=\u00bbrgba(30,30,30,0.9)\u00bb][vc_column css=\u00bb.vc_custom_1707324892955{margin-bottom: 30px !important;padding-top: 30px !important;padding-bottom: 30px !important;}\u00bb][vc_row_inner][vc_column_inner width=\u00bb1\/2&#8243;][vc_single_image image=\u00bb1797&#8243; img_size=\u00bblarge\u00bb][\/vc_column_inner][vc_column_inner width=\u00bb1\/2&#8243;]<div id=\"ultimate-heading-989969f2bf98e2ed1\" class=\"uvc-heading ult-adjust-bottom-margin ultimate-heading-989969f2bf98e2ed1 uvc-530  uvc-heading-default-font-sizes\" data-hspacer=\"line_only\"  data-halign=\"left\" style=\"text-align:left\"><div class=\"uvc-heading-spacer line_only\" style=\"topheight:1px;\"><span class=\"uvc-headings-line\" style=\"border-style:solid;border-bottom-width:1px;border-color:#ac1509;width:150px;\"><\/span><\/div><div class=\"uvc-main-heading ult-responsive\"  data-ultimate-target='.uvc-heading.ultimate-heading-989969f2bf98e2ed1 h2'  data-responsive-json-new='{\"font-size\":\"\",\"line-height\":\"\"}' ><h2 style=\"--font-weight:theme;margin-top:10px;margin-bottom:20px;\">Distribuidor de Productos de Pollo de Primera Calidad<\/h2><\/div><\/div>[vc_column_text css=\u00bb.vc_custom_1712759180651{margin-bottom: 20px !important;}\u00bb]STC Food es reconocido por ofrecer productos de pollo de la m\u00e1s alta calidad al mercado internacional. Como compa\u00f1\u00eda especializada en la importaci\u00f3n, exportaci\u00f3n y distribuci\u00f3n de pollo, nos aseguramos de que nuestros clientes reciban aves de corral frescas, obtenidas de los mejores productores a nivel mundial.[\/vc_column_text]<div id=\"ultimate-heading-287369f2bf98e2f2f\" class=\"uvc-heading ult-adjust-bottom-margin ultimate-heading-287369f2bf98e2f2f uvc-1969  uvc-heading-default-font-sizes\" data-hspacer=\"no_spacer\"  data-halign=\"left\" style=\"text-align:left\"><div class=\"uvc-heading-spacer no_spacer\" style=\"top\"><\/div><div class=\"uvc-main-heading ult-responsive\"  data-ultimate-target='.uvc-heading.ultimate-heading-287369f2bf98e2f2f h3'  data-responsive-json-new='{\"font-size\":\"\",\"line-height\":\"\"}' ><h3 style=\"--font-weight:theme;margin-bottom:10px;\">Suministro Confiable de Pollo en Todo el Mundo<\/h3><\/div><div class=\"uvc-sub-heading ult-responsive\"  data-ultimate-target='.uvc-heading.ultimate-heading-287369f2bf98e2f2f .uvc-sub-heading '  data-responsive-json-new='{\"font-size\":\"\",\"line-height\":\"\"}'  style=\"font-weight:normal;margin-bottom:20px;\">Nuestra extensa red y profundo conocimiento del sector nos convierten en una fuente confiable para una amplia variedad de productos de pollo. Estamos comprometidos a mantener los est\u00e1ndares m\u00e1s altos de seguridad y calidad, garantizando que cada entrega de STC Food cumpla con sus expectativas de excelencia.<\/div><\/div><div id=\"ultimate-heading-872069f2bf98e2f68\" class=\"uvc-heading ult-adjust-bottom-margin ultimate-heading-872069f2bf98e2f68 uvc-964  uvc-heading-default-font-sizes\" data-hspacer=\"no_spacer\"  data-halign=\"left\" style=\"text-align:left\"><div class=\"uvc-heading-spacer no_spacer\" style=\"top\"><\/div><div class=\"uvc-main-heading ult-responsive\"  data-ultimate-target='.uvc-heading.ultimate-heading-872069f2bf98e2f68 h3'  data-responsive-json-new='{\"font-size\":\"\",\"line-height\":\"\"}' ><h3 style=\"--font-weight:theme;margin-bottom:10px;\">Amplia Selecci\u00f3n de Productos de Pollo<\/h3><\/div><div class=\"uvc-sub-heading ult-responsive\"  data-ultimate-target='.uvc-heading.ultimate-heading-872069f2bf98e2f68 .uvc-sub-heading '  data-responsive-json-new='{\"font-size\":\"\",\"line-height\":\"\"}'  style=\"font-weight:normal;margin-bottom:20px;\">Nuestra l\u00ednea de productos incluye una variada gama de opciones de pollo, desde aves enteras y cortes tradicionales hasta art\u00edculos especializados como opciones org\u00e1nicas, de libre pastoreo y halal. Nos adaptamos a las necesidades de minoristas, proveedores de servicios alimentarios y procesadores, ofreciendo productos que se ajustan a sus requerimientos culinarios y comerciales espec\u00edficos.<\/div><\/div><div id=\"ultimate-heading-141069f2bf98e2f9b\" class=\"uvc-heading ult-adjust-bottom-margin ultimate-heading-141069f2bf98e2f9b uvc-5038  uvc-heading-default-font-sizes\" data-hspacer=\"no_spacer\"  data-halign=\"left\" style=\"text-align:left\"><div class=\"uvc-heading-spacer no_spacer\" style=\"top\"><\/div><div class=\"uvc-main-heading ult-responsive\"  data-ultimate-target='.uvc-heading.ultimate-heading-141069f2bf98e2f9b h3'  data-responsive-json-new='{\"font-size\":\"\",\"line-height\":\"\"}' ><h3 style=\"--font-weight:theme;margin-bottom:10px;\">Variedad y Calidad en Cada Producto de Pollo<\/h3><\/div><div class=\"uvc-sub-heading ult-responsive\"  data-ultimate-target='.uvc-heading.ultimate-heading-141069f2bf98e2f9b .uvc-sub-heading '  data-responsive-json-new='{\"font-size\":\"\",\"line-height\":\"\"}'  style=\"font-weight:normal;margin-bottom:20px;\">En STC Food, comprendemos la importancia de la variedad y la calidad en la industria av\u00edcola. Nuestra selecci\u00f3n est\u00e1 cuidadosamente escogida para ofrecer a nuestros clientes lo mejor en sabor, textura y valor nutricional. Ya sea que busque carne de pechuga tierna o muslos jugosos, contamos con los productos de pollo que satisfacen sus necesidades<\/div><\/div>[\/vc_column_inner][\/vc_row_inner][vc_row_inner css=\u00bb.vc_custom_1707940037820{padding-top: 40px !important;padding-bottom: 40px !important;}\u00bb][vc_column_inner]<div class=\"ult-content-box-container \" >\t\t<div class=\"ult-content-box\" style=\"background-color:rgba(172,21,9,0.6);box-shadow: px px px px none;padding:40px;-webkit-transition: all 700ms ease;-moz-transition: all 700ms ease;-ms-transition: all 700ms ease;-o-transition: all 700ms ease;transition: all 700ms ease;\"  data-hover_box_shadow=\"none\"     data-bg=\"rgba(172,21,9,0.6)\" ><div id=\"ultimate-heading-73869f2bf98e304c\" class=\"uvc-heading ult-adjust-bottom-margin ultimate-heading-73869f2bf98e304c uvc-8772  uvc-heading-default-font-sizes\" data-hspacer=\"line_only\"  data-halign=\"left\" style=\"text-align:left\"><div class=\"uvc-heading-spacer line_only\" style=\"topheight:1px;\"><span class=\"uvc-headings-line\" style=\"border-style:solid;border-bottom-width:1px;border-color:#ffffff;width:150px;\"><\/span><\/div><div class=\"uvc-main-heading ult-responsive\"  data-ultimate-target='.uvc-heading.ultimate-heading-73869f2bf98e304c h2'  data-responsive-json-new='{\"font-size\":\"\",\"line-height\":\"\"}' ><h2 style=\"--font-weight:theme;margin-top:10px;margin-bottom:15px;\">Distribuci\u00f3n Integral de Pollo con Compromiso de Excelencia<\/h2><\/div><div class=\"uvc-sub-heading ult-responsive\"  data-ultimate-target='.uvc-heading.ultimate-heading-73869f2bf98e304c .uvc-sub-heading '  data-responsive-json-new='{\"font-size\":\"\",\"line-height\":\"\"}'  style=\"font-weight:normal;\">En STC Food, aportamos una vasta experiencia en la industria de la distribuci\u00f3n de pollo, proporcionando un conjunto completo de servicios dise\u00f1ados para entregar productos con eficiencia y puntualidad. Nuestro servicio de entrega al por mayor de puerta a puerta es una muestra de nuestra dedicaci\u00f3n a la satisfacci\u00f3n del cliente, consolidando a STC Food como un socio de confianza en la distribuci\u00f3n de pollo de calidad<\/div><\/div>\t\t<\/div><\/div>[\/vc_column_inner][\/vc_row_inner][\/vc_column][\/vc_row][vc_row bg_type=\u00bbbg_color\u00bb bg_override=\u00bbfull\u00bb css=\u00bb.vc_custom_1707323338487{margin-top: 0px !important;margin-bottom: 0px !important;padding-top: 40px !important;padding-bottom: 40px !important;}\u00bb bg_color_value=\u00bb#2c2c2c\u00bb][vc_column css=\u00bb.vc_custom_1707323399685{margin-bottom: 0px !important;}\u00bb el_class=\u00bbconnect-with-experts\u00bb]<div id=\"ultimate-heading-707369f2bf98e308e\" class=\"uvc-heading ult-adjust-bottom-margin ultimate-heading-707369f2bf98e308e uvc-5059  uvc-heading-default-font-sizes\" data-hspacer=\"line_only\"  data-halign=\"left\" style=\"text-align:left\"><div class=\"uvc-heading-spacer line_only\" style=\"topheight:1px;\"><span class=\"uvc-headings-line\" style=\"border-style:solid;border-bottom-width:1px;border-color:#ac1509;width:150px;\"><\/span><\/div><div class=\"uvc-main-heading ult-responsive\"  data-ultimate-target='.uvc-heading.ultimate-heading-707369f2bf98e308e h2'  data-responsive-json-new='{\"font-size\":\"\",\"line-height\":\"\"}' ><h2 style=\"--font-weight:theme;color:#ffffff;margin-top:10px;margin-bottom:15px;\">Con\u00e9ctese con Especialistas en Importaci\u00f3n y Exportaci\u00f3n de Pollo<\/h2><\/div><div class=\"uvc-sub-heading ult-responsive\"  data-ultimate-target='.uvc-heading.ultimate-heading-707369f2bf98e308e .uvc-sub-heading '  data-responsive-json-new='{\"font-size\":\"\",\"line-height\":\"\"}'  style=\"font-weight:normal;color:#ffffff;\">Enriquezca su oferta con los excepcionales productos de pollo de STC Food. Nuestro equipo de especialistas en importaci\u00f3n y exportaci\u00f3n de pollo est\u00e1 preparado para brindarle el soporte y la experiencia necesarios para tener \u00e9xito en el mercado av\u00edcola. Cont\u00e1ctenos para discutir c\u00f3mo podemos ayudarle a asegurar un suministro constante de pollo de primera calidad, con nuestro confiable servicio de entrega de puerta a puerta.<\/div><\/div><style type=\"text\/css\" data-type=\"the7_shortcodes-inline-css\">#default-btn-138d8be9c2df788a4c4a3f374e7dff7e.ico-right-side > i {\n  margin-right: 0px;\n  margin-left: 8px;\n}\n#default-btn-138d8be9c2df788a4c4a3f374e7dff7e > i {\n  margin-right: 8px;\n}<\/style><a href=\"https:\/\/www.stcfood.com\/es\/contactanos\/\" class=\"default-btn-shortcode dt-btn dt-btn-l link-hover-off btn-inline-left  vc_custom_1712778960453\" id=\"default-btn-138d8be9c2df788a4c4a3f374e7dff7e\" title=\"Contactanos\"><span>Cont\u00e1ctenos<\/span><\/a>[\/vc_column][\/vc_row]<\/p>\n<\/div>","protected":false},"excerpt":{"rendered":"<p>[vc_row bg_type=\u00bbimage\u00bb parallax_style=\u00bbvcpb-default\u00bb bg_image_new=\u00bbid^1675|url^https:\/\/www.stcfood.com\/wp-content\/uploads\/2024\/02\/gryffyn-m-O8pEyjTnI7U-unsplash-scaled.jpg|caption^null|alt^null|title^gryffyn-m-O8pEyjTnI7U-unsplash|description^null\u00bb bg_override=\u00bbfull\u00bb enable_overlay=\u00bbenable_overlay_value\u00bb overlay_color=\u00bbrgba(30,30,30,0.9)\u00bb][vc_column css=\u00bb.vc_custom_1707324892955{margin-bottom: 30px !important;padding-top: 30px !important;padding-bottom: 30px !important;}\u00bb][vc_row_inner][vc_column_inner width=\u00bb1\/2&#8243;][vc_single_image image=\u00bb1797&#8243; img_size=\u00bblarge\u00bb][\/vc_column_inner][vc_column_inner width=\u00bb1\/2&#8243;][vc_column_text css=\u00bb.vc_custom_1712759180651{margin-bottom: 20px !important;}\u00bb]STC Food es reconocido por ofrecer productos de pollo de la m\u00e1s alta calidad al mercado internacional. Como compa\u00f1\u00eda especializada en la importaci\u00f3n, exportaci\u00f3n y distribuci\u00f3n de pollo, nos aseguramos de que nuestros clientes reciban&hellip;<\/p>\n","protected":false},"author":4,"featured_media":0,"parent":0,"menu_order":0,"comment_status":"closed","ping_status":"closed","template":"","meta":{"inline_featured_image":false,"footnotes":""},"class_list":["post-1872","page","type-page","status-publish","hentry","description-off"],"yoast_head":"<!-- This site is optimized with the Yoast SEO plugin v27.1.1 - https:\/\/yoast.com\/product\/yoast-seo-wordpress\/ -->\n<title>Autoridad de distribuci\u00f3n de importaci\u00f3n y exportaci\u00f3n de pollos | STC Food - STC food<\/title>\n<meta name=\"description\" content=\"Autoridad de distribuci\u00f3n de importaci\u00f3n y exportaci\u00f3n de pollos | STC Food - STC food - STC Food es reconocido por ofrecer productos de pollo de la m\u00e1s alta calidad al mercado internacional. Como compa\u00f1\u00eda especializada en la importaci\u00f3n,\" \/>\n<meta name=\"robots\" content=\"index, follow, max-snippet:-1, max-image-preview:large, max-video-preview:-1\" \/>\n<link rel=\"canonical\" href=\"https:\/\/www.stcfood.com\/es\/distribucion-importacion-exportacion-pollos\/\" \/>\n<meta property=\"og:locale\" content=\"es_ES\" \/>\n<meta property=\"og:type\" content=\"article\" \/>\n<meta property=\"og:title\" content=\"Autoridad de distribuci\u00f3n de importaci\u00f3n y exportaci\u00f3n de pollos | STC Food - STC food\" \/>\n<meta property=\"og:description\" content=\"Autoridad de distribuci\u00f3n de importaci\u00f3n y exportaci\u00f3n de pollos | STC Food - STC food - STC Food es reconocido por ofrecer productos de pollo de la m\u00e1s alta calidad al mercado internacional. Como compa\u00f1\u00eda especializada en la importaci\u00f3n,\" \/>\n<meta property=\"og:url\" content=\"https:\/\/www.stcfood.com\/es\/distribucion-importacion-exportacion-pollos\/\" \/>\n<meta property=\"og:site_name\" content=\"STC food\" \/>\n<meta property=\"article:modified_time\" content=\"2024-04-10T19:56:04+00:00\" \/>\n<meta name=\"twitter:card\" content=\"summary_large_image\" \/>\n<meta name=\"twitter:label1\" content=\"Tiempo de lectura\" \/>\n\t<meta name=\"twitter:data1\" content=\"3 minutos\" \/>\n<script type=\"application\/ld+json\" class=\"yoast-schema-graph\">{\"@context\":\"https:\/\/schema.org\",\"@graph\":[{\"@type\":\"WebPage\",\"@id\":\"https:\/\/www.stcfood.com\/es\/distribucion-importacion-exportacion-pollos\/\",\"url\":\"https:\/\/www.stcfood.com\/es\/distribucion-importacion-exportacion-pollos\/\",\"name\":\"Autoridad de distribuci\u00f3n de importaci\u00f3n y exportaci\u00f3n de pollos | STC Food - STC food\",\"isPartOf\":{\"@id\":\"https:\/\/www.hartleycoldservices.com\/#website\"},\"datePublished\":\"2024-01-30T14:53:46+00:00\",\"dateModified\":\"2024-04-10T19:56:04+00:00\",\"description\":\"Autoridad de distribuci\u00f3n de importaci\u00f3n y exportaci\u00f3n de pollos | STC Food - STC food - STC Food es reconocido por ofrecer productos de pollo de la m\u00e1s alta calidad al mercado internacional. Como compa\u00f1\u00eda especializada en la importaci\u00f3n,\",\"breadcrumb\":{\"@id\":\"https:\/\/www.stcfood.com\/es\/distribucion-importacion-exportacion-pollos\/#breadcrumb\"},\"inLanguage\":\"es\",\"potentialAction\":[{\"@type\":\"ReadAction\",\"target\":[\"https:\/\/www.stcfood.com\/es\/distribucion-importacion-exportacion-pollos\/\"]}]},{\"@type\":\"BreadcrumbList\",\"@id\":\"https:\/\/www.stcfood.com\/es\/distribucion-importacion-exportacion-pollos\/#breadcrumb\",\"itemListElement\":[{\"@type\":\"ListItem\",\"position\":1,\"name\":\"Home\",\"item\":\"https:\/\/www.stcfood.com\/es\/\"},{\"@type\":\"ListItem\",\"position\":2,\"name\":\"Chicken\"}]},{\"@type\":\"WebSite\",\"@id\":\"https:\/\/www.hartleycoldservices.com\/#website\",\"url\":\"https:\/\/www.hartleycoldservices.com\/\",\"name\":\"STC food\",\"description\":\"\",\"publisher\":{\"@id\":\"https:\/\/www.hartleycoldservices.com\/#organization\"},\"potentialAction\":[{\"@type\":\"SearchAction\",\"target\":{\"@type\":\"EntryPoint\",\"urlTemplate\":\"https:\/\/www.hartleycoldservices.com\/?s={search_term_string}\"},\"query-input\":{\"@type\":\"PropertyValueSpecification\",\"valueRequired\":true,\"valueName\":\"search_term_string\"}}],\"inLanguage\":\"es\"},{\"@type\":\"Organization\",\"@id\":\"https:\/\/www.hartleycoldservices.com\/#organization\",\"name\":\"Hartley Cold Services\",\"url\":\"https:\/\/www.hartleycoldservices.com\/\",\"logo\":{\"@type\":\"ImageObject\",\"inLanguage\":\"es\",\"@id\":\"https:\/\/www.hartleycoldservices.com\/#\/schema\/logo\/image\/\",\"url\":\"https:\/\/www.stcfood.com\/wp-content\/uploads\/2023\/05\/HCS-logo-1-e1685557061356.png\",\"contentUrl\":\"https:\/\/www.stcfood.com\/wp-content\/uploads\/2023\/05\/HCS-logo-1-e1685557061356.png\",\"width\":400,\"height\":171,\"caption\":\"Hartley Cold Services\"},\"image\":{\"@id\":\"https:\/\/www.hartleycoldservices.com\/#\/schema\/logo\/image\/\"}}]}<\/script>\n<!-- \/ Yoast SEO plugin. -->","yoast_head_json":{"title":"Autoridad de distribuci\u00f3n de importaci\u00f3n y exportaci\u00f3n de pollos | STC Food - STC food","description":"Autoridad de distribuci\u00f3n de importaci\u00f3n y exportaci\u00f3n de pollos | STC Food - STC food - STC Food es reconocido por ofrecer productos de pollo de la m\u00e1s alta calidad al mercado internacional. Como compa\u00f1\u00eda especializada en la importaci\u00f3n,","robots":{"index":"index","follow":"follow","max-snippet":"max-snippet:-1","max-image-preview":"max-image-preview:large","max-video-preview":"max-video-preview:-1"},"canonical":"https:\/\/www.stcfood.com\/es\/distribucion-importacion-exportacion-pollos\/","og_locale":"es_ES","og_type":"article","og_title":"Autoridad de distribuci\u00f3n de importaci\u00f3n y exportaci\u00f3n de pollos | STC Food - STC food","og_description":"Autoridad de distribuci\u00f3n de importaci\u00f3n y exportaci\u00f3n de pollos | STC Food - STC food - STC Food es reconocido por ofrecer productos de pollo de la m\u00e1s alta calidad al mercado internacional. Como compa\u00f1\u00eda especializada en la importaci\u00f3n,","og_url":"https:\/\/www.stcfood.com\/es\/distribucion-importacion-exportacion-pollos\/","og_site_name":"STC food","article_modified_time":"2024-04-10T19:56:04+00:00","twitter_card":"summary_large_image","twitter_misc":{"Tiempo de lectura":"3 minutos"},"schema":{"@context":"https:\/\/schema.org","@graph":[{"@type":"WebPage","@id":"https:\/\/www.stcfood.com\/es\/distribucion-importacion-exportacion-pollos\/","url":"https:\/\/www.stcfood.com\/es\/distribucion-importacion-exportacion-pollos\/","name":"Autoridad de distribuci\u00f3n de importaci\u00f3n y exportaci\u00f3n de pollos | STC Food - STC food","isPartOf":{"@id":"https:\/\/www.hartleycoldservices.com\/#website"},"datePublished":"2024-01-30T14:53:46+00:00","dateModified":"2024-04-10T19:56:04+00:00","description":"Autoridad de distribuci\u00f3n de importaci\u00f3n y exportaci\u00f3n de pollos | STC Food - STC food - STC Food es reconocido por ofrecer productos de pollo de la m\u00e1s alta calidad al mercado internacional. Como compa\u00f1\u00eda especializada en la importaci\u00f3n,","breadcrumb":{"@id":"https:\/\/www.stcfood.com\/es\/distribucion-importacion-exportacion-pollos\/#breadcrumb"},"inLanguage":"es","potentialAction":[{"@type":"ReadAction","target":["https:\/\/www.stcfood.com\/es\/distribucion-importacion-exportacion-pollos\/"]}]},{"@type":"BreadcrumbList","@id":"https:\/\/www.stcfood.com\/es\/distribucion-importacion-exportacion-pollos\/#breadcrumb","itemListElement":[{"@type":"ListItem","position":1,"name":"Home","item":"https:\/\/www.stcfood.com\/es\/"},{"@type":"ListItem","position":2,"name":"Chicken"}]},{"@type":"WebSite","@id":"https:\/\/www.hartleycoldservices.com\/#website","url":"https:\/\/www.hartleycoldservices.com\/","name":"STC food","description":"","publisher":{"@id":"https:\/\/www.hartleycoldservices.com\/#organization"},"potentialAction":[{"@type":"SearchAction","target":{"@type":"EntryPoint","urlTemplate":"https:\/\/www.hartleycoldservices.com\/?s={search_term_string}"},"query-input":{"@type":"PropertyValueSpecification","valueRequired":true,"valueName":"search_term_string"}}],"inLanguage":"es"},{"@type":"Organization","@id":"https:\/\/www.hartleycoldservices.com\/#organization","name":"Hartley Cold Services","url":"https:\/\/www.hartleycoldservices.com\/","logo":{"@type":"ImageObject","inLanguage":"es","@id":"https:\/\/www.hartleycoldservices.com\/#\/schema\/logo\/image\/","url":"https:\/\/www.stcfood.com\/wp-content\/uploads\/2023\/05\/HCS-logo-1-e1685557061356.png","contentUrl":"https:\/\/www.stcfood.com\/wp-content\/uploads\/2023\/05\/HCS-logo-1-e1685557061356.png","width":400,"height":171,"caption":"Hartley Cold Services"},"image":{"@id":"https:\/\/www.hartleycoldservices.com\/#\/schema\/logo\/image\/"}}]}},"_links":{"self":[{"href":"https:\/\/www.stcfood.com\/es\/wp-json\/wp\/v2\/pages\/1872","targetHints":{"allow":["GET"]}}],"collection":[{"href":"https:\/\/www.stcfood.com\/es\/wp-json\/wp\/v2\/pages"}],"about":[{"href":"https:\/\/www.stcfood.com\/es\/wp-json\/wp\/v2\/types\/page"}],"author":[{"embeddable":true,"href":"https:\/\/www.stcfood.com\/es\/wp-json\/wp\/v2\/users\/4"}],"replies":[{"embeddable":true,"href":"https:\/\/www.stcfood.com\/es\/wp-json\/wp\/v2\/comments?post=1872"}],"version-history":[{"count":0,"href":"https:\/\/www.stcfood.com\/es\/wp-json\/wp\/v2\/pages\/1872\/revisions"}],"wp:attachment":[{"href":"https:\/\/www.stcfood.com\/es\/wp-json\/wp\/v2\/media?parent=1872"}],"curies":[{"name":"wp","href":"https:\/\/api.w.org\/{rel}","templated":true}]}}