{"id":1870,"date":"2016-06-22T01:33:14","date_gmt":"2016-06-22T01:33:14","guid":{"rendered":"https:\/\/www.stcfood.com\/import-export-services\/pork-distribution\/"},"modified":"2024-04-10T18:54:02","modified_gmt":"2024-04-10T18:54:02","slug":"distribucion-de-carne-de-cerdo","status":"publish","type":"page","link":"https:\/\/www.stcfood.com\/es\/servicios-de-importacion-y-exportacion\/distribucion-de-carne-de-cerdo\/","title":{"rendered":"Importaci\u00f3n y exportaci\u00f3n de carne de cerdo | STC Food"},"content":{"rendered":"<div class=\"wpb-content-wrapper\"><p>[vc_row bg_type=\u00bbimage\u00bb parallax_style=\u00bbvcpb-default\u00bb bg_image_new=\u00bbid^1675|url^https:\/\/www.stcfood.com\/wp-content\/uploads\/2024\/02\/gryffyn-m-O8pEyjTnI7U-unsplash-scaled.jpg|caption^null|alt^null|title^gryffyn-m-O8pEyjTnI7U-unsplash|description^null\u00bb bg_override=\u00bbfull\u00bb enable_overlay=\u00bbenable_overlay_value\u00bb overlay_color=\u00bbrgba(30,30,30,0.9)\u00bb][vc_column css=\u00bb.vc_custom_1707324892955{margin-bottom: 30px !important;padding-top: 30px !important;padding-bottom: 30px !important;}\u00bb][vc_row_inner][vc_column_inner width=\u00bb1\/2&#8243;][vc_single_image image=\u00bb1795&#8243; img_size=\u00bblarge\u00bb][\/vc_column_inner][vc_column_inner width=\u00bb1\/2&#8243;]<div id=\"ultimate-heading-531869fa279eb9926\" class=\"uvc-heading ult-adjust-bottom-margin ultimate-heading-531869fa279eb9926 uvc-518  uvc-heading-default-font-sizes\" data-hspacer=\"line_only\"  data-halign=\"left\" style=\"text-align:left\"><div class=\"uvc-heading-spacer line_only\" style=\"topheight:1px;\"><span class=\"uvc-headings-line\" style=\"border-style:solid;border-bottom-width:1px;border-color:#ac1509;width:150px;\"><\/span><\/div><div class=\"uvc-main-heading ult-responsive\"  data-ultimate-target='.uvc-heading.ultimate-heading-531869fa279eb9926 h2'  data-responsive-json-new='{\"font-size\":\"\",\"line-height\":\"\"}' ><h2 style=\"--font-weight:theme;margin-top:10px;margin-bottom:20px;\">Confiabilidad y Variedad en la Distribuci\u00f3n de Cerdo<\/h2><\/div><\/div>[vc_column_text css=\u00bb.vc_custom_1712756427513{padding-bottom: 20px !important;}\u00bb]En STC Food, nos enorgullecemos de ser su socio de confianza en la distribuci\u00f3n de carnes, especializ\u00e1ndonos en las mejores selecciones de cerdo. Con m\u00e1s de tres d\u00e9cadas de experiencia en la industria, nos hemos establecido como un distribuidor confiable con una red global de socios de confianza en el comercio de cerdo.[\/vc_column_text]<div id=\"ultimate-heading-474569fa279eb9986\" class=\"uvc-heading ult-adjust-bottom-margin ultimate-heading-474569fa279eb9986 uvc-3023  uvc-heading-default-font-sizes\" data-hspacer=\"no_spacer\"  data-halign=\"left\" style=\"text-align:left\"><div class=\"uvc-heading-spacer no_spacer\" style=\"top\"><\/div><div class=\"uvc-main-heading ult-responsive\"  data-ultimate-target='.uvc-heading.ultimate-heading-474569fa279eb9986 h3'  data-responsive-json-new='{\"font-size\":\"\",\"line-height\":\"\"}' ><h3 style=\"--font-weight:theme;margin-bottom:10px;\">Distribuci\u00f3n Mundial Confiable de Cerdo<\/h3><\/div><div class=\"uvc-sub-heading ult-responsive\"  data-ultimate-target='.uvc-heading.ultimate-heading-474569fa279eb9986 .uvc-sub-heading '  data-responsive-json-new='{\"font-size\":\"\",\"line-height\":\"\"}'  style=\"font-weight:normal;margin-bottom:20px;\"><span style=\"font-weight: 400;\">Nuestro compromiso con la confiabilidad est\u00e1 en el n\u00facleo de todo lo que hacemos. STC Food asegura que cada paso de nuestro proceso de distribuci\u00f3n, desde la fuente hasta la entrega, cumpla con los m\u00e1s altos est\u00e1ndares. Hemos cultivado relaciones duraderas con socios confiables en todo el mundo, asegur\u00e1ndole una cadena de suministro ininterrumpida para productos de cerdo de calidad.<\/span><\/div><\/div><div id=\"ultimate-heading-450569fa279eb99c3\" class=\"uvc-heading ult-adjust-bottom-margin ultimate-heading-450569fa279eb99c3 uvc-5869  uvc-heading-default-font-sizes\" data-hspacer=\"no_spacer\"  data-halign=\"left\" style=\"text-align:left\"><div class=\"uvc-heading-spacer no_spacer\" style=\"top\"><\/div><div class=\"uvc-main-heading ult-responsive\"  data-ultimate-target='.uvc-heading.ultimate-heading-450569fa279eb99c3 h3'  data-responsive-json-new='{\"font-size\":\"\",\"line-height\":\"\"}' ><h3 style=\"--font-weight:theme;margin-bottom:10px;\">El Cerdo, Nuestro Punto C\u00falmine<\/h3><\/div><div class=\"uvc-sub-heading ult-responsive\"  data-ultimate-target='.uvc-heading.ultimate-heading-450569fa279eb99c3 .uvc-sub-heading '  data-responsive-json-new='{\"font-size\":\"\",\"line-height\":\"\"}'  style=\"font-weight:normal;margin-bottom:20px;\">El cerdo ocupa un lugar especial en nuestro portafolio, constituyendo aproximadamente el 80% de nuestras ventas. Ofrecemos una diversa gama de productos de cerdo, meticulosamente seleccionados y entregados con precisi\u00f3n. Desde cortes suculentos hasta selecciones premium, le traemos lo mejor en excelencia de cerdo.<\/div><\/div><div id=\"ultimate-heading-71169fa279eb99fa\" class=\"uvc-heading ult-adjust-bottom-margin ultimate-heading-71169fa279eb99fa uvc-3443  uvc-heading-default-font-sizes\" data-hspacer=\"no_spacer\"  data-halign=\"left\" style=\"text-align:left\"><div class=\"uvc-heading-spacer no_spacer\" style=\"top\"><\/div><div class=\"uvc-main-heading ult-responsive\"  data-ultimate-target='.uvc-heading.ultimate-heading-71169fa279eb99fa h3'  data-responsive-json-new='{\"font-size\":\"\",\"line-height\":\"\"}' ><h3 style=\"--font-weight:theme;margin-bottom:10px;\">Variedad de Cerdo M\u00e1s All\u00e1 de las Fronteras<\/h3><\/div><div class=\"uvc-sub-heading ult-responsive\"  data-ultimate-target='.uvc-heading.ultimate-heading-71169fa279eb99fa .uvc-sub-heading '  data-responsive-json-new='{\"font-size\":\"\",\"line-height\":\"\"}'  style=\"font-weight:normal;margin-bottom:20px;\">Explore la amplia variedad que llevamos a la mesa. Nuestro compromiso con la diversidad se extiende m\u00e1s all\u00e1 del cerdo, abarcando una amplia gama de productos c\u00e1rnicos de origen global. Descubra un mundo de posibilidades culinarias con STC Food.<\/div><\/div>[\/vc_column_inner][\/vc_row_inner][vc_row_inner css=\u00bb.vc_custom_1707940037820{padding-top: 40px !important;padding-bottom: 40px !important;}\u00bb][vc_column_inner]<div class=\"ult-content-box-container \" >\t\t<div class=\"ult-content-box\" style=\"background-color:rgba(172,21,9,0.6);box-shadow: px px px px none;padding:40px;-webkit-transition: all 700ms ease;-moz-transition: all 700ms ease;-ms-transition: all 700ms ease;-o-transition: all 700ms ease;transition: all 700ms ease;\"  data-hover_box_shadow=\"none\"     data-bg=\"rgba(172,21,9,0.6)\" ><div id=\"ultimate-heading-665469fa279eb9aba\" class=\"uvc-heading ult-adjust-bottom-margin ultimate-heading-665469fa279eb9aba uvc-3417  uvc-heading-default-font-sizes\" data-hspacer=\"line_only\"  data-halign=\"left\" style=\"text-align:left\"><div class=\"uvc-heading-spacer line_only\" style=\"topheight:1px;\"><span class=\"uvc-headings-line\" style=\"border-style:solid;border-bottom-width:1px;border-color:#ffffff;width:150px;\"><\/span><\/div><div class=\"uvc-main-heading ult-responsive\"  data-ultimate-target='.uvc-heading.ultimate-heading-665469fa279eb9aba h2'  data-responsive-json-new='{\"font-size\":\"\",\"line-height\":\"\"}' ><h2 style=\"--font-weight:theme;margin-top:10px;margin-bottom:15px;\"> Excelencia en la Industria Porcina de EE. UU. y Distribuci\u00f3n Integral<\/h2><\/div><div class=\"uvc-sub-heading ult-responsive\"  data-ultimate-target='.uvc-heading.ultimate-heading-665469fa279eb9aba .uvc-sub-heading '  data-responsive-json-new='{\"font-size\":\"\",\"line-height\":\"\"}'  style=\"font-weight:normal;\"><span style=\"font-weight: 400;\">En el coraz\u00f3n de las operaciones de STC Food se encuentra nuestra dedicaci\u00f3n a la pr\u00f3spera industria porcina de EE. UU. Estamos profundamente integrados en el tejido del mercado dom\u00e9stico, asegurando que nuestros clientes tengan acceso al cerdo americano de la m\u00e1s alta calidad. Nuestra experiencia en la industria local nos permite navegar con facilidad la complejidad del mercado estadounidense, ofreciendo servicios de entrega al por mayor de puerta a puerta sin paralelo. Esto significa que desde el momento en que realiza su pedido hasta que llega a su puerta, STC Food maneja cada detalle con precisi\u00f3n. Garantizamos que nuestros clientes reciban sus productos de cerdo con la m\u00e1xima eficiencia y confiabilidad, haciendo de STC Food un socio indispensable en EE. UU. y m\u00e1s all\u00e1.<\/span><\/div><\/div>\t\t<\/div><\/div>[\/vc_column_inner][\/vc_row_inner][\/vc_column][\/vc_row][vc_row bg_type=\u00bbbg_color\u00bb bg_override=\u00bbfull\u00bb css=\u00bb.vc_custom_1707323338487{margin-top: 0px !important;margin-bottom: 0px !important;padding-top: 40px !important;padding-bottom: 40px !important;}\u00bb bg_color_value=\u00bb#2c2c2c\u00bb][vc_column css=\u00bb.vc_custom_1707323399685{margin-bottom: 0px !important;}\u00bb el_class=\u00bbconnect-with-experts\u00bb]<div id=\"ultimate-heading-420869fa279eb9b00\" class=\"uvc-heading ult-adjust-bottom-margin ultimate-heading-420869fa279eb9b00 uvc-3064  uvc-heading-default-font-sizes\" data-hspacer=\"line_only\"  data-halign=\"left\" style=\"text-align:left\"><div class=\"uvc-heading-spacer line_only\" style=\"topheight:1px;\"><span class=\"uvc-headings-line\" style=\"border-style:solid;border-bottom-width:1px;border-color:#ac1509;width:150px;\"><\/span><\/div><div class=\"uvc-main-heading ult-responsive\"  data-ultimate-target='.uvc-heading.ultimate-heading-420869fa279eb9b00 h2'  data-responsive-json-new='{\"font-size\":\"\",\"line-height\":\"\"}' ><h2 style=\"--font-weight:theme;color:#ffffff;margin-top:10px;margin-bottom:15px;\">Con\u00e9ctese con Profesionales de Importaci\u00f3n y Exportaci\u00f3n de Cerdo<\/h2><\/div><div class=\"uvc-sub-heading ult-responsive\"  data-ultimate-target='.uvc-heading.ultimate-heading-420869fa279eb9b00 .uvc-sub-heading '  data-responsive-json-new='{\"font-size\":\"\",\"line-height\":\"\"}'  style=\"font-weight:normal;color:#ffffff;\"><span style=\"font-weight: 400;\">\u00bfListo para enriquecer sus ofertas culinarias con nuestras selecciones premium de cerdo? Nuestro equipo en STC Food, los expertos en distribuci\u00f3n de cerdo al por mayor, est\u00e1 ansioso por asistirlo. Cont\u00e1ctenos hoy para discutir sus necesidades espec\u00edficas y permitanos ser su socio de confianza en el mundo de productos excepcionales de cerdo, respaldados por nuestro robusto servicio de entrega de puerta a puerta.<\/span><\/div><\/div><style type=\"text\/css\" data-type=\"the7_shortcodes-inline-css\">#default-btn-a4bcc08ce7c4c76deda02eb7816cd8cb.ico-right-side > i {\n  margin-right: 0px;\n  margin-left: 8px;\n}\n#default-btn-a4bcc08ce7c4c76deda02eb7816cd8cb > i {\n  margin-right: 8px;\n}<\/style><a href=\"https:\/\/www.stcfood.com\/contact\/\" class=\"default-btn-shortcode dt-btn dt-btn-l link-hover-off btn-inline-left  vc_custom_1712756659169\" id=\"default-btn-a4bcc08ce7c4c76deda02eb7816cd8cb\" title=\"Contact\"><span>Cont\u00e1ctenos<\/span><\/a>[\/vc_column][\/vc_row]<\/p>\n<\/div>","protected":false},"excerpt":{"rendered":"<p>[vc_row bg_type=\u00bbimage\u00bb parallax_style=\u00bbvcpb-default\u00bb bg_image_new=\u00bbid^1675|url^https:\/\/www.stcfood.com\/wp-content\/uploads\/2024\/02\/gryffyn-m-O8pEyjTnI7U-unsplash-scaled.jpg|caption^null|alt^null|title^gryffyn-m-O8pEyjTnI7U-unsplash|description^null\u00bb bg_override=\u00bbfull\u00bb enable_overlay=\u00bbenable_overlay_value\u00bb overlay_color=\u00bbrgba(30,30,30,0.9)\u00bb][vc_column css=\u00bb.vc_custom_1707324892955{margin-bottom: 30px !important;padding-top: 30px !important;padding-bottom: 30px !important;}\u00bb][vc_row_inner][vc_column_inner width=\u00bb1\/2&#8243;][vc_single_image image=\u00bb1795&#8243; img_size=\u00bblarge\u00bb][\/vc_column_inner][vc_column_inner width=\u00bb1\/2&#8243;][vc_column_text css=\u00bb.vc_custom_1712756427513{padding-bottom: 20px !important;}\u00bb]En STC Food, nos enorgullecemos de ser su socio de confianza en la distribuci\u00f3n de carnes, especializ\u00e1ndonos en las mejores selecciones de cerdo. Con m\u00e1s de tres d\u00e9cadas de experiencia en la industria, nos hemos&hellip;<\/p>\n","protected":false},"author":4,"featured_media":0,"parent":1866,"menu_order":0,"comment_status":"closed","ping_status":"closed","template":"","meta":{"inline_featured_image":false,"footnotes":""},"class_list":["post-1870","page","type-page","status-publish","hentry","description-off"],"yoast_head":"<!-- This site is optimized with the Yoast SEO plugin v27.1.1 - https:\/\/yoast.com\/product\/yoast-seo-wordpress\/ -->\n<title>Importaci\u00f3n y exportaci\u00f3n de carne de cerdo | STC Food - STC food<\/title>\n<meta name=\"description\" content=\"Importaci\u00f3n y exportaci\u00f3n de carne de cerdo | STC Food - STC food - En STC Food, nos enorgullecemos de ser su socio de confianza en la distribuci\u00f3n de carnes, especializ\u00e1ndonos en las mejores selecciones de cerdo. Con m\u00e1s\" \/>\n<meta name=\"robots\" content=\"index, follow, max-snippet:-1, max-image-preview:large, max-video-preview:-1\" \/>\n<link rel=\"canonical\" href=\"https:\/\/www.stcfood.com\/es\/servicios-de-importacion-y-exportacion\/distribucion-de-carne-de-cerdo\/\" \/>\n<meta property=\"og:locale\" content=\"es_ES\" \/>\n<meta property=\"og:type\" content=\"article\" \/>\n<meta property=\"og:title\" content=\"Importaci\u00f3n y exportaci\u00f3n de carne de cerdo | STC Food - STC food\" \/>\n<meta property=\"og:description\" content=\"Importaci\u00f3n y exportaci\u00f3n de carne de cerdo | STC Food - STC food - En STC Food, nos enorgullecemos de ser su socio de confianza en la distribuci\u00f3n de carnes, especializ\u00e1ndonos en las mejores selecciones de cerdo. Con m\u00e1s\" \/>\n<meta property=\"og:url\" content=\"https:\/\/www.stcfood.com\/es\/servicios-de-importacion-y-exportacion\/distribucion-de-carne-de-cerdo\/\" \/>\n<meta property=\"og:site_name\" content=\"STC food\" \/>\n<meta property=\"article:modified_time\" content=\"2024-04-10T18:54:02+00:00\" \/>\n<meta name=\"twitter:card\" content=\"summary_large_image\" \/>\n<meta name=\"twitter:label1\" content=\"Tiempo de lectura\" \/>\n\t<meta name=\"twitter:data1\" content=\"3 minutos\" \/>\n<script type=\"application\/ld+json\" class=\"yoast-schema-graph\">{\"@context\":\"https:\/\/schema.org\",\"@graph\":[{\"@type\":\"WebPage\",\"@id\":\"https:\/\/www.stcfood.com\/es\/servicios-de-importacion-y-exportacion\/distribucion-de-carne-de-cerdo\/\",\"url\":\"https:\/\/www.stcfood.com\/es\/servicios-de-importacion-y-exportacion\/distribucion-de-carne-de-cerdo\/\",\"name\":\"Importaci\u00f3n y exportaci\u00f3n de carne de cerdo | STC Food - STC food\",\"isPartOf\":{\"@id\":\"https:\/\/www.hartleycoldservices.com\/#website\"},\"datePublished\":\"2016-06-22T01:33:14+00:00\",\"dateModified\":\"2024-04-10T18:54:02+00:00\",\"description\":\"Importaci\u00f3n y exportaci\u00f3n de carne de cerdo | STC Food - STC food - En STC Food, nos enorgullecemos de ser su socio de confianza en la distribuci\u00f3n de carnes, especializ\u00e1ndonos en las mejores selecciones de cerdo. Con m\u00e1s\",\"breadcrumb\":{\"@id\":\"https:\/\/www.stcfood.com\/es\/servicios-de-importacion-y-exportacion\/distribucion-de-carne-de-cerdo\/#breadcrumb\"},\"inLanguage\":\"es\",\"potentialAction\":[{\"@type\":\"ReadAction\",\"target\":[\"https:\/\/www.stcfood.com\/es\/servicios-de-importacion-y-exportacion\/distribucion-de-carne-de-cerdo\/\"]}]},{\"@type\":\"BreadcrumbList\",\"@id\":\"https:\/\/www.stcfood.com\/es\/servicios-de-importacion-y-exportacion\/distribucion-de-carne-de-cerdo\/#breadcrumb\",\"itemListElement\":[{\"@type\":\"ListItem\",\"position\":1,\"name\":\"Home\",\"item\":\"https:\/\/www.stcfood.com\/es\/\"},{\"@type\":\"ListItem\",\"position\":2,\"name\":\"Global Trade Divisions\",\"item\":\"https:\/\/stc.hartleycoldservices.com\/es\/servicios-de-importacion-y-exportacion\/\"},{\"@type\":\"ListItem\",\"position\":3,\"name\":\"Pork\"}]},{\"@type\":\"WebSite\",\"@id\":\"https:\/\/www.hartleycoldservices.com\/#website\",\"url\":\"https:\/\/www.hartleycoldservices.com\/\",\"name\":\"STC food\",\"description\":\"\",\"publisher\":{\"@id\":\"https:\/\/www.hartleycoldservices.com\/#organization\"},\"potentialAction\":[{\"@type\":\"SearchAction\",\"target\":{\"@type\":\"EntryPoint\",\"urlTemplate\":\"https:\/\/www.hartleycoldservices.com\/?s={search_term_string}\"},\"query-input\":{\"@type\":\"PropertyValueSpecification\",\"valueRequired\":true,\"valueName\":\"search_term_string\"}}],\"inLanguage\":\"es\"},{\"@type\":\"Organization\",\"@id\":\"https:\/\/www.hartleycoldservices.com\/#organization\",\"name\":\"Hartley Cold Services\",\"url\":\"https:\/\/www.hartleycoldservices.com\/\",\"logo\":{\"@type\":\"ImageObject\",\"inLanguage\":\"es\",\"@id\":\"https:\/\/www.hartleycoldservices.com\/#\/schema\/logo\/image\/\",\"url\":\"https:\/\/www.stcfood.com\/wp-content\/uploads\/2023\/05\/HCS-logo-1-e1685557061356.png\",\"contentUrl\":\"https:\/\/www.stcfood.com\/wp-content\/uploads\/2023\/05\/HCS-logo-1-e1685557061356.png\",\"width\":400,\"height\":171,\"caption\":\"Hartley Cold Services\"},\"image\":{\"@id\":\"https:\/\/www.hartleycoldservices.com\/#\/schema\/logo\/image\/\"}}]}<\/script>\n<!-- \/ Yoast SEO plugin. -->","yoast_head_json":{"title":"Importaci\u00f3n y exportaci\u00f3n de carne de cerdo | STC Food - STC food","description":"Importaci\u00f3n y exportaci\u00f3n de carne de cerdo | STC Food - STC food - En STC Food, nos enorgullecemos de ser su socio de confianza en la distribuci\u00f3n de carnes, especializ\u00e1ndonos en las mejores selecciones de cerdo. Con m\u00e1s","robots":{"index":"index","follow":"follow","max-snippet":"max-snippet:-1","max-image-preview":"max-image-preview:large","max-video-preview":"max-video-preview:-1"},"canonical":"https:\/\/www.stcfood.com\/es\/servicios-de-importacion-y-exportacion\/distribucion-de-carne-de-cerdo\/","og_locale":"es_ES","og_type":"article","og_title":"Importaci\u00f3n y exportaci\u00f3n de carne de cerdo | STC Food - STC food","og_description":"Importaci\u00f3n y exportaci\u00f3n de carne de cerdo | STC Food - STC food - En STC Food, nos enorgullecemos de ser su socio de confianza en la distribuci\u00f3n de carnes, especializ\u00e1ndonos en las mejores selecciones de cerdo. Con m\u00e1s","og_url":"https:\/\/www.stcfood.com\/es\/servicios-de-importacion-y-exportacion\/distribucion-de-carne-de-cerdo\/","og_site_name":"STC food","article_modified_time":"2024-04-10T18:54:02+00:00","twitter_card":"summary_large_image","twitter_misc":{"Tiempo de lectura":"3 minutos"},"schema":{"@context":"https:\/\/schema.org","@graph":[{"@type":"WebPage","@id":"https:\/\/www.stcfood.com\/es\/servicios-de-importacion-y-exportacion\/distribucion-de-carne-de-cerdo\/","url":"https:\/\/www.stcfood.com\/es\/servicios-de-importacion-y-exportacion\/distribucion-de-carne-de-cerdo\/","name":"Importaci\u00f3n y exportaci\u00f3n de carne de cerdo | STC Food - STC food","isPartOf":{"@id":"https:\/\/www.hartleycoldservices.com\/#website"},"datePublished":"2016-06-22T01:33:14+00:00","dateModified":"2024-04-10T18:54:02+00:00","description":"Importaci\u00f3n y exportaci\u00f3n de carne de cerdo | STC Food - STC food - En STC Food, nos enorgullecemos de ser su socio de confianza en la distribuci\u00f3n de carnes, especializ\u00e1ndonos en las mejores selecciones de cerdo. Con m\u00e1s","breadcrumb":{"@id":"https:\/\/www.stcfood.com\/es\/servicios-de-importacion-y-exportacion\/distribucion-de-carne-de-cerdo\/#breadcrumb"},"inLanguage":"es","potentialAction":[{"@type":"ReadAction","target":["https:\/\/www.stcfood.com\/es\/servicios-de-importacion-y-exportacion\/distribucion-de-carne-de-cerdo\/"]}]},{"@type":"BreadcrumbList","@id":"https:\/\/www.stcfood.com\/es\/servicios-de-importacion-y-exportacion\/distribucion-de-carne-de-cerdo\/#breadcrumb","itemListElement":[{"@type":"ListItem","position":1,"name":"Home","item":"https:\/\/www.stcfood.com\/es\/"},{"@type":"ListItem","position":2,"name":"Global Trade Divisions","item":"https:\/\/stc.hartleycoldservices.com\/es\/servicios-de-importacion-y-exportacion\/"},{"@type":"ListItem","position":3,"name":"Pork"}]},{"@type":"WebSite","@id":"https:\/\/www.hartleycoldservices.com\/#website","url":"https:\/\/www.hartleycoldservices.com\/","name":"STC food","description":"","publisher":{"@id":"https:\/\/www.hartleycoldservices.com\/#organization"},"potentialAction":[{"@type":"SearchAction","target":{"@type":"EntryPoint","urlTemplate":"https:\/\/www.hartleycoldservices.com\/?s={search_term_string}"},"query-input":{"@type":"PropertyValueSpecification","valueRequired":true,"valueName":"search_term_string"}}],"inLanguage":"es"},{"@type":"Organization","@id":"https:\/\/www.hartleycoldservices.com\/#organization","name":"Hartley Cold Services","url":"https:\/\/www.hartleycoldservices.com\/","logo":{"@type":"ImageObject","inLanguage":"es","@id":"https:\/\/www.hartleycoldservices.com\/#\/schema\/logo\/image\/","url":"https:\/\/www.stcfood.com\/wp-content\/uploads\/2023\/05\/HCS-logo-1-e1685557061356.png","contentUrl":"https:\/\/www.stcfood.com\/wp-content\/uploads\/2023\/05\/HCS-logo-1-e1685557061356.png","width":400,"height":171,"caption":"Hartley Cold Services"},"image":{"@id":"https:\/\/www.hartleycoldservices.com\/#\/schema\/logo\/image\/"}}]}},"_links":{"self":[{"href":"https:\/\/www.stcfood.com\/es\/wp-json\/wp\/v2\/pages\/1870","targetHints":{"allow":["GET"]}}],"collection":[{"href":"https:\/\/www.stcfood.com\/es\/wp-json\/wp\/v2\/pages"}],"about":[{"href":"https:\/\/www.stcfood.com\/es\/wp-json\/wp\/v2\/types\/page"}],"author":[{"embeddable":true,"href":"https:\/\/www.stcfood.com\/es\/wp-json\/wp\/v2\/users\/4"}],"replies":[{"embeddable":true,"href":"https:\/\/www.stcfood.com\/es\/wp-json\/wp\/v2\/comments?post=1870"}],"version-history":[{"count":0,"href":"https:\/\/www.stcfood.com\/es\/wp-json\/wp\/v2\/pages\/1870\/revisions"}],"up":[{"embeddable":true,"href":"https:\/\/www.stcfood.com\/es\/wp-json\/wp\/v2\/pages\/1866"}],"wp:attachment":[{"href":"https:\/\/www.stcfood.com\/es\/wp-json\/wp\/v2\/media?parent=1870"}],"curies":[{"name":"wp","href":"https:\/\/api.w.org\/{rel}","templated":true}]}}